{"id":2164,"date":"2023-01-03T09:13:00","date_gmt":"2023-01-03T08:13:00","guid":{"rendered":"http:\/\/alterciacho.pl\/?post_type=product&#038;p=2164"},"modified":"2026-04-14T11:05:09","modified_gmt":"2026-04-14T09:05:09","slug":"tarta-cytrynowa-cena-za-5-szt-i-wiecej","status":"publish","type":"product","link":"https:\/\/alterciacho.pl\/index.php\/produkt\/tarta-cytrynowa-cena-za-5-szt-i-wiecej\/","title":{"rendered":"Tarta cytrynowa (cena za 6 szt i wi\u0119cej)"},"content":{"rendered":"","protected":false},"excerpt":{"rendered":"<p>Ciasto kruche\/biszkopt limonkowy\/ \u017cel cytrynowy\/ krem cytrynowy\/ beza limonkowa<\/p>\n<p>Tarta jest lekka i mocno cytrynowa. Tu w formie monoprcji czyli pojedynczej tarty o wielko\u015bci 8 cm<\/p>\n<p>Cena za szt: 22 z\u0142; min. zam\u00f3wienie: 6 szt<\/p>\n","protected":false},"featured_media":2231,"template":"","meta":[],"product_brand":[],"product_cat":[346],"product_tag":[],"class_list":{"0":"post-2164","1":"product","2":"type-product","3":"status-publish","4":"has-post-thumbnail","6":"product_cat-monoporcje","8":"first","9":"instock","10":"shipping-taxable","11":"purchasable","12":"product-type-variable"},"yoast_head":"<!-- This site is optimized with the Yoast SEO plugin v20.11 - https:\/\/yoast.com\/wordpress\/plugins\/seo\/ -->\n<title>Tarta cytrynowa (cena za 6 szt i wi\u0119cej) - Alterciacho<\/title>\n<meta name=\"description\" content=\"Tarta cytrynowo limonowa, mocno kwaskowa z du\u017c\u0105 ilo\u015bci\u0105 cytrus\u00f3w.\" \/>\n<meta name=\"robots\" content=\"index, follow, max-snippet:-1, max-image-preview:large, max-video-preview:-1\" \/>\n<link rel=\"canonical\" href=\"https:\/\/alterciacho.pl\/index.php\/produkt\/tarta-cytrynowa-cena-za-5-szt-i-wiecej\/\" \/>\n<meta property=\"og:locale\" content=\"pl_PL\" \/>\n<meta property=\"og:type\" content=\"article\" \/>\n<meta property=\"og:title\" content=\"Tarta cytrynowa (cena za 6 szt i wi\u0119cej) - Alterciacho\" \/>\n<meta property=\"og:description\" content=\"Tarta cytrynowo limonowa, mocno kwaskowa z du\u017c\u0105 ilo\u015bci\u0105 cytrus\u00f3w.\" \/>\n<meta property=\"og:url\" content=\"https:\/\/alterciacho.pl\/index.php\/produkt\/tarta-cytrynowa-cena-za-5-szt-i-wiecej\/\" \/>\n<meta property=\"og:site_name\" content=\"Alterciacho\" \/>\n<meta property=\"article:modified_time\" content=\"2026-04-14T09:05:09+00:00\" \/>\n<meta property=\"og:image\" content=\"https:\/\/alterciacho.pl\/wp-content\/uploads\/2023\/01\/20221112_112545-01-scaled.jpeg\" \/>\n\t<meta property=\"og:image:width\" content=\"1713\" \/>\n\t<meta property=\"og:image:height\" content=\"2560\" \/>\n\t<meta property=\"og:image:type\" content=\"image\/jpeg\" \/>\n<meta name=\"twitter:card\" content=\"summary_large_image\" \/>\n<script type=\"application\/ld+json\" class=\"yoast-schema-graph\">{\"@context\":\"https:\/\/schema.org\",\"@graph\":[{\"@type\":\"WebPage\",\"@id\":\"https:\/\/alterciacho.pl\/index.php\/produkt\/tarta-cytrynowa-cena-za-5-szt-i-wiecej\/\",\"url\":\"https:\/\/alterciacho.pl\/index.php\/produkt\/tarta-cytrynowa-cena-za-5-szt-i-wiecej\/\",\"name\":\"Tarta cytrynowa (cena za 6 szt i wi\u0119cej) - Alterciacho\",\"isPartOf\":{\"@id\":\"https:\/\/alterciacho.pl\/#website\"},\"datePublished\":\"2023-01-03T08:13:00+00:00\",\"dateModified\":\"2026-04-14T09:05:09+00:00\",\"description\":\"Tarta cytrynowo limonowa, mocno kwaskowa z du\u017c\u0105 ilo\u015bci\u0105 cytrus\u00f3w.\",\"breadcrumb\":{\"@id\":\"https:\/\/alterciacho.pl\/index.php\/produkt\/tarta-cytrynowa-cena-za-5-szt-i-wiecej\/#breadcrumb\"},\"inLanguage\":\"pl-PL\",\"potentialAction\":[{\"@type\":\"ReadAction\",\"target\":[\"https:\/\/alterciacho.pl\/index.php\/produkt\/tarta-cytrynowa-cena-za-5-szt-i-wiecej\/\"]}]},{\"@type\":\"BreadcrumbList\",\"@id\":\"https:\/\/alterciacho.pl\/index.php\/produkt\/tarta-cytrynowa-cena-za-5-szt-i-wiecej\/#breadcrumb\",\"itemListElement\":[{\"@type\":\"ListItem\",\"position\":1,\"name\":\"Strona g\u0142\u00f3wna\",\"item\":\"https:\/\/alterciacho.pl\/\"},{\"@type\":\"ListItem\",\"position\":2,\"name\":\"Sklep\",\"item\":\"https:\/\/alterciacho.pl\/index.php\/sklep\/\"},{\"@type\":\"ListItem\",\"position\":3,\"name\":\"Tarta cytrynowa (cena za 6 szt i wi\u0119cej)\"}]},{\"@type\":\"WebSite\",\"@id\":\"https:\/\/alterciacho.pl\/#website\",\"url\":\"https:\/\/alterciacho.pl\/\",\"name\":\"Alterciacho\",\"description\":\"Alterciacho Pracownia Cukiernicza\",\"publisher\":{\"@id\":\"https:\/\/alterciacho.pl\/#organization\"},\"potentialAction\":[{\"@type\":\"SearchAction\",\"target\":{\"@type\":\"EntryPoint\",\"urlTemplate\":\"https:\/\/alterciacho.pl\/?s={search_term_string}\"},\"query-input\":\"required name=search_term_string\"}],\"inLanguage\":\"pl-PL\"},{\"@type\":\"Organization\",\"@id\":\"https:\/\/alterciacho.pl\/#organization\",\"name\":\"Alterciacho\",\"url\":\"https:\/\/alterciacho.pl\/\",\"logo\":{\"@type\":\"ImageObject\",\"inLanguage\":\"pl-PL\",\"@id\":\"https:\/\/alterciacho.pl\/#\/schema\/logo\/image\/\",\"url\":\"https:\/\/alterciacho.pl\/wp-content\/uploads\/2021\/04\/alterciacho_logo_144x144.png\",\"contentUrl\":\"https:\/\/alterciacho.pl\/wp-content\/uploads\/2021\/04\/alterciacho_logo_144x144.png\",\"width\":144,\"height\":144,\"caption\":\"Alterciacho\"},\"image\":{\"@id\":\"https:\/\/alterciacho.pl\/#\/schema\/logo\/image\/\"}}]}<\/script>\n<!-- \/ Yoast SEO plugin. -->","yoast_head_json":{"title":"Tarta cytrynowa (cena za 6 szt i wi\u0119cej) - Alterciacho","description":"Tarta cytrynowo limonowa, mocno kwaskowa z du\u017c\u0105 ilo\u015bci\u0105 cytrus\u00f3w.","robots":{"index":"index","follow":"follow","max-snippet":"max-snippet:-1","max-image-preview":"max-image-preview:large","max-video-preview":"max-video-preview:-1"},"canonical":"https:\/\/alterciacho.pl\/index.php\/produkt\/tarta-cytrynowa-cena-za-5-szt-i-wiecej\/","og_locale":"pl_PL","og_type":"article","og_title":"Tarta cytrynowa (cena za 6 szt i wi\u0119cej) - Alterciacho","og_description":"Tarta cytrynowo limonowa, mocno kwaskowa z du\u017c\u0105 ilo\u015bci\u0105 cytrus\u00f3w.","og_url":"https:\/\/alterciacho.pl\/index.php\/produkt\/tarta-cytrynowa-cena-za-5-szt-i-wiecej\/","og_site_name":"Alterciacho","article_modified_time":"2026-04-14T09:05:09+00:00","og_image":[{"width":1713,"height":2560,"url":"https:\/\/alterciacho.pl\/wp-content\/uploads\/2023\/01\/20221112_112545-01-scaled.jpeg","type":"image\/jpeg"}],"twitter_card":"summary_large_image","schema":{"@context":"https:\/\/schema.org","@graph":[{"@type":"WebPage","@id":"https:\/\/alterciacho.pl\/index.php\/produkt\/tarta-cytrynowa-cena-za-5-szt-i-wiecej\/","url":"https:\/\/alterciacho.pl\/index.php\/produkt\/tarta-cytrynowa-cena-za-5-szt-i-wiecej\/","name":"Tarta cytrynowa (cena za 6 szt i wi\u0119cej) - Alterciacho","isPartOf":{"@id":"https:\/\/alterciacho.pl\/#website"},"datePublished":"2023-01-03T08:13:00+00:00","dateModified":"2026-04-14T09:05:09+00:00","description":"Tarta cytrynowo limonowa, mocno kwaskowa z du\u017c\u0105 ilo\u015bci\u0105 cytrus\u00f3w.","breadcrumb":{"@id":"https:\/\/alterciacho.pl\/index.php\/produkt\/tarta-cytrynowa-cena-za-5-szt-i-wiecej\/#breadcrumb"},"inLanguage":"pl-PL","potentialAction":[{"@type":"ReadAction","target":["https:\/\/alterciacho.pl\/index.php\/produkt\/tarta-cytrynowa-cena-za-5-szt-i-wiecej\/"]}]},{"@type":"BreadcrumbList","@id":"https:\/\/alterciacho.pl\/index.php\/produkt\/tarta-cytrynowa-cena-za-5-szt-i-wiecej\/#breadcrumb","itemListElement":[{"@type":"ListItem","position":1,"name":"Strona g\u0142\u00f3wna","item":"https:\/\/alterciacho.pl\/"},{"@type":"ListItem","position":2,"name":"Sklep","item":"https:\/\/alterciacho.pl\/index.php\/sklep\/"},{"@type":"ListItem","position":3,"name":"Tarta cytrynowa (cena za 6 szt i wi\u0119cej)"}]},{"@type":"WebSite","@id":"https:\/\/alterciacho.pl\/#website","url":"https:\/\/alterciacho.pl\/","name":"Alterciacho","description":"Alterciacho Pracownia Cukiernicza","publisher":{"@id":"https:\/\/alterciacho.pl\/#organization"},"potentialAction":[{"@type":"SearchAction","target":{"@type":"EntryPoint","urlTemplate":"https:\/\/alterciacho.pl\/?s={search_term_string}"},"query-input":"required name=search_term_string"}],"inLanguage":"pl-PL"},{"@type":"Organization","@id":"https:\/\/alterciacho.pl\/#organization","name":"Alterciacho","url":"https:\/\/alterciacho.pl\/","logo":{"@type":"ImageObject","inLanguage":"pl-PL","@id":"https:\/\/alterciacho.pl\/#\/schema\/logo\/image\/","url":"https:\/\/alterciacho.pl\/wp-content\/uploads\/2021\/04\/alterciacho_logo_144x144.png","contentUrl":"https:\/\/alterciacho.pl\/wp-content\/uploads\/2021\/04\/alterciacho_logo_144x144.png","width":144,"height":144,"caption":"Alterciacho"},"image":{"@id":"https:\/\/alterciacho.pl\/#\/schema\/logo\/image\/"}}]}},"_links":{"self":[{"href":"https:\/\/alterciacho.pl\/index.php\/wp-json\/wp\/v2\/product\/2164","targetHints":{"allow":["GET"]}}],"collection":[{"href":"https:\/\/alterciacho.pl\/index.php\/wp-json\/wp\/v2\/product"}],"about":[{"href":"https:\/\/alterciacho.pl\/index.php\/wp-json\/wp\/v2\/types\/product"}],"wp:featuredmedia":[{"embeddable":true,"href":"https:\/\/alterciacho.pl\/index.php\/wp-json\/wp\/v2\/media\/2231"}],"wp:attachment":[{"href":"https:\/\/alterciacho.pl\/index.php\/wp-json\/wp\/v2\/media?parent=2164"}],"wp:term":[{"taxonomy":"product_brand","embeddable":true,"href":"https:\/\/alterciacho.pl\/index.php\/wp-json\/wp\/v2\/product_brand?post=2164"},{"taxonomy":"product_cat","embeddable":true,"href":"https:\/\/alterciacho.pl\/index.php\/wp-json\/wp\/v2\/product_cat?post=2164"},{"taxonomy":"product_tag","embeddable":true,"href":"https:\/\/alterciacho.pl\/index.php\/wp-json\/wp\/v2\/product_tag?post=2164"}],"curies":[{"name":"wp","href":"https:\/\/api.w.org\/{rel}","templated":true}]}}