{"id":2456,"date":"2025-07-14T16:36:01","date_gmt":"2025-07-14T14:36:01","guid":{"rendered":"https:\/\/alterciacho.pl\/?post_type=product&#038;p=2456"},"modified":"2025-07-25T13:03:41","modified_gmt":"2025-07-25T11:03:41","slug":"truskawka-w-smietanie","status":"publish","type":"product","link":"https:\/\/alterciacho.pl\/index.php\/produkt\/truskawka-w-smietanie\/","title":{"rendered":"Truskawka w \u015bmietanie"},"content":{"rendered":"<p>\u015brednica od 14 cm do 26 cm i standardowa dekoracja widoczna na zdj\u0119ciu.<\/p>\n<p>W celu zam\u00f3wienia bardziej spersonalizowanego tortu ( niestandardowa dekoracja, rozmiar\u00a0 czy zmiana element\u00f3w ) prosimy o kontakt poprzez maila, telefon lub wiadomo\u015b\u0107 na Facebook. Niestandardowe zam\u00f3wienia nale\u017cy sk\u0142ada\u0107 z min 2 tyg. wyprzedzeniem.<\/p>\n<p>Sk\u0142ad: migda\u0142y (<strong data-start=\"180\" data-end=\"191\">orzechy<\/strong>), cukier, syrop glukozowy, cukier inwertowany , <strong>jaja<\/strong>, pasta waniliowa, s\u00f3l, mas\u0142o klarowane (<strong data-start=\"352\" data-end=\"361\">mleko<\/strong>), <strong data-start=\"364\" data-end=\"372\">m\u0105ka<\/strong> (<strong data-start=\"374\" data-end=\"384\">gluten<\/strong>), proszek do pieczenia, puree truskawkowe, woda r\u00f3\u017cana, pektyna, kwasek cytrynowy, <strong data-start=\"468\" data-end=\"480\">\u017celatyna<\/strong>, <strong data-start=\"482\" data-end=\"501\">czekolada bia\u0142a<\/strong> (<strong data-start=\"503\" data-end=\"512\">mleko<\/strong>, mo\u017ce zawiera\u0107 <strong data-start=\"528\" data-end=\"536\">soj\u0119<\/strong>), <strong data-start=\"539\" data-end=\"564\">czekolada truskawkowa<\/strong>, <strong data-start=\"602\" data-end=\"619\">cr\u00e8me fra\u00eeche<\/strong> (<strong data-start=\"621\" data-end=\"630\">mleko<\/strong>), <strong data-start=\"633\" data-end=\"642\">mleko<\/strong>, <strong data-start=\"644\" data-end=\"656\">\u015bmietana<\/strong> (<strong data-start=\"658\" data-end=\"667\">mleko<\/strong>), syrop z czarnego bzu, truskawka liofilizowana, \u00a0pra\u017cynka (<strong data-start=\"778\" data-end=\"809\">mo\u017ce zawiera\u0107 gluten, mleko<\/strong>), olej z pestek winogron.<\/p>\n","protected":false},"excerpt":{"rendered":"<p><span style=\"font-weight: 400;\">\u00a0biszkopt waniliowy\/chrupi\u0105cy sp\u00f3d truskawkowy\/ krem truskawkowy na creme fraiche\/ galaretka truskawka-r\u00f3\u017ca\/ mus o smak\u00f3w kwiat\u00f3w czarnego bzu na creme fraiche\u00a0<\/span><\/p>\n<p>&nbsp;<\/p>\n","protected":false},"featured_media":2460,"template":"","meta":[],"product_brand":[],"product_cat":[344],"product_tag":[],"class_list":{"0":"post-2456","1":"product","2":"type-product","3":"status-publish","4":"has-post-thumbnail","6":"product_cat-torty","8":"first","9":"instock","10":"shipping-taxable","11":"purchasable","12":"product-type-variable"},"yoast_head":"<!-- This site is optimized with the Yoast SEO plugin v20.11 - https:\/\/yoast.com\/wordpress\/plugins\/seo\/ -->\n<title>Truskawka w \u015bmietanie - Alterciacho<\/title>\n<meta name=\"description\" content=\"Tort truskawkowy z kokosem, limonka, wanili\u0105 i mascarpone\" \/>\n<meta name=\"robots\" content=\"index, follow, max-snippet:-1, max-image-preview:large, max-video-preview:-1\" \/>\n<link rel=\"canonical\" href=\"https:\/\/alterciacho.pl\/index.php\/produkt\/truskawka-w-smietanie\/\" \/>\n<meta property=\"og:locale\" content=\"pl_PL\" \/>\n<meta property=\"og:type\" content=\"article\" \/>\n<meta property=\"og:title\" content=\"Truskawka w \u015bmietanie - Alterciacho\" \/>\n<meta property=\"og:description\" content=\"Tort truskawkowy z kokosem, limonka, wanili\u0105 i mascarpone\" \/>\n<meta property=\"og:url\" content=\"https:\/\/alterciacho.pl\/index.php\/produkt\/truskawka-w-smietanie\/\" \/>\n<meta property=\"og:site_name\" content=\"Alterciacho\" \/>\n<meta property=\"article:modified_time\" content=\"2025-07-25T11:03:41+00:00\" \/>\n<meta property=\"og:image\" content=\"https:\/\/alterciacho.pl\/wp-content\/uploads\/2025\/07\/20250627_133555-scaled.jpg\" \/>\n\t<meta property=\"og:image:width\" content=\"1441\" \/>\n\t<meta property=\"og:image:height\" content=\"2560\" \/>\n\t<meta property=\"og:image:type\" content=\"image\/jpeg\" \/>\n<meta name=\"twitter:card\" content=\"summary_large_image\" \/>\n<meta name=\"twitter:label1\" content=\"Szacowany czas czytania\" \/>\n\t<meta name=\"twitter:data1\" content=\"1 minuta\" \/>\n<script type=\"application\/ld+json\" class=\"yoast-schema-graph\">{\"@context\":\"https:\/\/schema.org\",\"@graph\":[{\"@type\":\"WebPage\",\"@id\":\"https:\/\/alterciacho.pl\/index.php\/produkt\/truskawka-w-smietanie\/\",\"url\":\"https:\/\/alterciacho.pl\/index.php\/produkt\/truskawka-w-smietanie\/\",\"name\":\"Truskawka w \u015bmietanie - Alterciacho\",\"isPartOf\":{\"@id\":\"https:\/\/alterciacho.pl\/#website\"},\"datePublished\":\"2025-07-14T14:36:01+00:00\",\"dateModified\":\"2025-07-25T11:03:41+00:00\",\"description\":\"Tort truskawkowy z kokosem, limonka, wanili\u0105 i mascarpone\",\"breadcrumb\":{\"@id\":\"https:\/\/alterciacho.pl\/index.php\/produkt\/truskawka-w-smietanie\/#breadcrumb\"},\"inLanguage\":\"pl-PL\",\"potentialAction\":[{\"@type\":\"ReadAction\",\"target\":[\"https:\/\/alterciacho.pl\/index.php\/produkt\/truskawka-w-smietanie\/\"]}]},{\"@type\":\"BreadcrumbList\",\"@id\":\"https:\/\/alterciacho.pl\/index.php\/produkt\/truskawka-w-smietanie\/#breadcrumb\",\"itemListElement\":[{\"@type\":\"ListItem\",\"position\":1,\"name\":\"Strona g\u0142\u00f3wna\",\"item\":\"https:\/\/alterciacho.pl\/\"},{\"@type\":\"ListItem\",\"position\":2,\"name\":\"Sklep\",\"item\":\"https:\/\/alterciacho.pl\/index.php\/sklep\/\"},{\"@type\":\"ListItem\",\"position\":3,\"name\":\"Truskawka w \u015bmietanie\"}]},{\"@type\":\"WebSite\",\"@id\":\"https:\/\/alterciacho.pl\/#website\",\"url\":\"https:\/\/alterciacho.pl\/\",\"name\":\"Alterciacho\",\"description\":\"Alterciacho Pracownia Cukiernicza\",\"publisher\":{\"@id\":\"https:\/\/alterciacho.pl\/#organization\"},\"potentialAction\":[{\"@type\":\"SearchAction\",\"target\":{\"@type\":\"EntryPoint\",\"urlTemplate\":\"https:\/\/alterciacho.pl\/?s={search_term_string}\"},\"query-input\":\"required name=search_term_string\"}],\"inLanguage\":\"pl-PL\"},{\"@type\":\"Organization\",\"@id\":\"https:\/\/alterciacho.pl\/#organization\",\"name\":\"Alterciacho\",\"url\":\"https:\/\/alterciacho.pl\/\",\"logo\":{\"@type\":\"ImageObject\",\"inLanguage\":\"pl-PL\",\"@id\":\"https:\/\/alterciacho.pl\/#\/schema\/logo\/image\/\",\"url\":\"https:\/\/alterciacho.pl\/wp-content\/uploads\/2021\/04\/alterciacho_logo_144x144.png\",\"contentUrl\":\"https:\/\/alterciacho.pl\/wp-content\/uploads\/2021\/04\/alterciacho_logo_144x144.png\",\"width\":144,\"height\":144,\"caption\":\"Alterciacho\"},\"image\":{\"@id\":\"https:\/\/alterciacho.pl\/#\/schema\/logo\/image\/\"}}]}<\/script>\n<!-- \/ Yoast SEO plugin. -->","yoast_head_json":{"title":"Truskawka w \u015bmietanie - Alterciacho","description":"Tort truskawkowy z kokosem, limonka, wanili\u0105 i mascarpone","robots":{"index":"index","follow":"follow","max-snippet":"max-snippet:-1","max-image-preview":"max-image-preview:large","max-video-preview":"max-video-preview:-1"},"canonical":"https:\/\/alterciacho.pl\/index.php\/produkt\/truskawka-w-smietanie\/","og_locale":"pl_PL","og_type":"article","og_title":"Truskawka w \u015bmietanie - Alterciacho","og_description":"Tort truskawkowy z kokosem, limonka, wanili\u0105 i mascarpone","og_url":"https:\/\/alterciacho.pl\/index.php\/produkt\/truskawka-w-smietanie\/","og_site_name":"Alterciacho","article_modified_time":"2025-07-25T11:03:41+00:00","og_image":[{"width":1441,"height":2560,"url":"https:\/\/alterciacho.pl\/wp-content\/uploads\/2025\/07\/20250627_133555-scaled.jpg","type":"image\/jpeg"}],"twitter_card":"summary_large_image","twitter_misc":{"Szacowany czas czytania":"1 minuta"},"schema":{"@context":"https:\/\/schema.org","@graph":[{"@type":"WebPage","@id":"https:\/\/alterciacho.pl\/index.php\/produkt\/truskawka-w-smietanie\/","url":"https:\/\/alterciacho.pl\/index.php\/produkt\/truskawka-w-smietanie\/","name":"Truskawka w \u015bmietanie - Alterciacho","isPartOf":{"@id":"https:\/\/alterciacho.pl\/#website"},"datePublished":"2025-07-14T14:36:01+00:00","dateModified":"2025-07-25T11:03:41+00:00","description":"Tort truskawkowy z kokosem, limonka, wanili\u0105 i mascarpone","breadcrumb":{"@id":"https:\/\/alterciacho.pl\/index.php\/produkt\/truskawka-w-smietanie\/#breadcrumb"},"inLanguage":"pl-PL","potentialAction":[{"@type":"ReadAction","target":["https:\/\/alterciacho.pl\/index.php\/produkt\/truskawka-w-smietanie\/"]}]},{"@type":"BreadcrumbList","@id":"https:\/\/alterciacho.pl\/index.php\/produkt\/truskawka-w-smietanie\/#breadcrumb","itemListElement":[{"@type":"ListItem","position":1,"name":"Strona g\u0142\u00f3wna","item":"https:\/\/alterciacho.pl\/"},{"@type":"ListItem","position":2,"name":"Sklep","item":"https:\/\/alterciacho.pl\/index.php\/sklep\/"},{"@type":"ListItem","position":3,"name":"Truskawka w \u015bmietanie"}]},{"@type":"WebSite","@id":"https:\/\/alterciacho.pl\/#website","url":"https:\/\/alterciacho.pl\/","name":"Alterciacho","description":"Alterciacho Pracownia Cukiernicza","publisher":{"@id":"https:\/\/alterciacho.pl\/#organization"},"potentialAction":[{"@type":"SearchAction","target":{"@type":"EntryPoint","urlTemplate":"https:\/\/alterciacho.pl\/?s={search_term_string}"},"query-input":"required name=search_term_string"}],"inLanguage":"pl-PL"},{"@type":"Organization","@id":"https:\/\/alterciacho.pl\/#organization","name":"Alterciacho","url":"https:\/\/alterciacho.pl\/","logo":{"@type":"ImageObject","inLanguage":"pl-PL","@id":"https:\/\/alterciacho.pl\/#\/schema\/logo\/image\/","url":"https:\/\/alterciacho.pl\/wp-content\/uploads\/2021\/04\/alterciacho_logo_144x144.png","contentUrl":"https:\/\/alterciacho.pl\/wp-content\/uploads\/2021\/04\/alterciacho_logo_144x144.png","width":144,"height":144,"caption":"Alterciacho"},"image":{"@id":"https:\/\/alterciacho.pl\/#\/schema\/logo\/image\/"}}]}},"_links":{"self":[{"href":"https:\/\/alterciacho.pl\/index.php\/wp-json\/wp\/v2\/product\/2456","targetHints":{"allow":["GET"]}}],"collection":[{"href":"https:\/\/alterciacho.pl\/index.php\/wp-json\/wp\/v2\/product"}],"about":[{"href":"https:\/\/alterciacho.pl\/index.php\/wp-json\/wp\/v2\/types\/product"}],"wp:featuredmedia":[{"embeddable":true,"href":"https:\/\/alterciacho.pl\/index.php\/wp-json\/wp\/v2\/media\/2460"}],"wp:attachment":[{"href":"https:\/\/alterciacho.pl\/index.php\/wp-json\/wp\/v2\/media?parent=2456"}],"wp:term":[{"taxonomy":"product_brand","embeddable":true,"href":"https:\/\/alterciacho.pl\/index.php\/wp-json\/wp\/v2\/product_brand?post=2456"},{"taxonomy":"product_cat","embeddable":true,"href":"https:\/\/alterciacho.pl\/index.php\/wp-json\/wp\/v2\/product_cat?post=2456"},{"taxonomy":"product_tag","embeddable":true,"href":"https:\/\/alterciacho.pl\/index.php\/wp-json\/wp\/v2\/product_tag?post=2456"}],"curies":[{"name":"wp","href":"https:\/\/api.w.org\/{rel}","templated":true}]}}